{"id":480,"date":"2025-03-25T11:25:26","date_gmt":"2025-03-25T11:25:26","guid":{"rendered":"https:\/\/libreriablanconoia.com\/?page_id=480"},"modified":"2025-06-02T14:54:47","modified_gmt":"2025-06-02T14:54:47","slug":"libros-de-texto","status":"publish","type":"page","link":"https:\/\/libreriablanconoia.com\/?page_id=480","title":{"rendered":"Libros de texto"},"content":{"rendered":"\n<div class=\"wp-block-group alignfull is-content-justification-center is-layout-constrained wp-container-core-group-is-layout-df757ecc wp-block-group-is-layout-constrained\" style=\"margin-top:0;margin-bottom:0;padding-top:calc( 0.5 * var(--wp--style--root--padding-right, var(--wp--custom--gap--horizontal)));padding-right:var(--wp--style--root--padding-right, var(--wp--custom--gap--horizontal));padding-bottom:calc( 0.5 * var(--wp--style--root--padding-right, var(--wp--custom--gap--horizontal)));padding-left:var(--wp--style--root--padding-left, var(--wp--custom--gap--horizontal))\">\n<div style=\"height:calc( 0.25 * var(--wp--style--root--padding-right, var(--wp--custom--gap--horizontal)))\" aria-hidden=\"true\" class=\"wp-block-spacer\"><\/div>\n\n\n\n<div class=\"wp-block-columns alignwide are-vertically-aligned-center is-layout-flex wp-container-core-columns-is-layout-7fc3d43a wp-block-columns-is-layout-flex\">\n<div class=\"wp-block-column is-layout-flow wp-block-column-is-layout-flow\"><\/div>\n\n\n\n<div class=\"wp-block-column is-layout-flow wp-block-column-is-layout-flow\"><\/div>\n<\/div>\n\n\n\n<div style=\"height:0px\" aria-hidden=\"true\" class=\"wp-block-spacer\"><\/div>\n<\/div>\n\n\n\n<div class=\"wp-block-group alignfull is-content-justification-center is-layout-constrained wp-container-core-group-is-layout-df757ecc wp-block-group-is-layout-constrained\" style=\"margin-top:0;margin-bottom:0;padding-top:calc( 0.5 * var(--wp--style--root--padding-right, var(--wp--custom--gap--horizontal)));padding-right:var(--wp--style--root--padding-right, var(--wp--custom--gap--horizontal));padding-bottom:calc( 0.5 * var(--wp--style--root--padding-right, var(--wp--custom--gap--horizontal)));padding-left:var(--wp--style--root--padding-left, var(--wp--custom--gap--horizontal))\">\n<div style=\"height:calc( 0.25 * var(--wp--style--root--padding-right, var(--wp--custom--gap--horizontal)))\" aria-hidden=\"true\" class=\"wp-block-spacer\"><\/div>\n\n\n\n<div class=\"wp-block-group alignwide is-layout-constrained wp-block-group-is-layout-constrained\">\n<h2 class=\"wp-block-heading alignfull has-text-align-center has-medium-font-size\" style=\"font-style:normal;font-weight:100\">Todo lo que necesitas saber sobre nuestro servicio de libros de texto<\/h2>\n<\/div>\n\n\n\n<div style=\"height:var(--wp--preset--spacing--20)\" aria-hidden=\"true\" class=\"wp-block-spacer\"><\/div>\n\n\n\n<div class=\"wp-block-columns alignwide is-layout-flex wp-container-core-columns-is-layout-d0846407 wp-block-columns-is-layout-flex\">\n<div class=\"wp-block-column is-layout-flow wp-block-column-is-layout-flow\">\n<figure class=\"wp-block-image size-large\"><img loading=\"lazy\" decoding=\"async\" width=\"1024\" height=\"683\" src=\"https:\/\/libreriablanconoia.com\/wp-content\/uploads\/2025\/04\/rss-efe0cc86ca994a79f9e105d5ddfe25aadfda9558a50w-1024x683.webp\" alt=\"\" class=\"wp-image-653\" style=\"aspect-ratio:4\/3;object-fit:cover\" srcset=\"https:\/\/libreriablanconoia.com\/wp-content\/uploads\/2025\/04\/rss-efe0cc86ca994a79f9e105d5ddfe25aadfda9558a50w-1024x683.webp 1024w, https:\/\/libreriablanconoia.com\/wp-content\/uploads\/2025\/04\/rss-efe0cc86ca994a79f9e105d5ddfe25aadfda9558a50w-300x200.webp 300w, https:\/\/libreriablanconoia.com\/wp-content\/uploads\/2025\/04\/rss-efe0cc86ca994a79f9e105d5ddfe25aadfda9558a50w-768x512.webp 768w, https:\/\/libreriablanconoia.com\/wp-content\/uploads\/2025\/04\/rss-efe0cc86ca994a79f9e105d5ddfe25aadfda9558a50w-1536x1024.webp 1536w, https:\/\/libreriablanconoia.com\/wp-content\/uploads\/2025\/04\/rss-efe0cc86ca994a79f9e105d5ddfe25aadfda9558a50w-600x400.webp 600w, https:\/\/libreriablanconoia.com\/wp-content\/uploads\/2025\/04\/rss-efe0cc86ca994a79f9e105d5ddfe25aadfda9558a50w.webp 1920w\" sizes=\"auto, (max-width: 1024px) 100vw, 1024px\" \/><\/figure>\n\n\n\n<div style=\"height:4px\" aria-hidden=\"true\" class=\"wp-block-spacer\"><\/div>\n\n\n\n<div class=\"wp-block-group is-layout-flow wp-block-group-is-layout-flow\">\n<h3 class=\"wp-block-heading is-service-name has-medium-font-size\" style=\"font-style:normal;font-weight:700\"><strong>Servicio de Encargo de Libros de Texto<\/strong><\/h3>\n<\/div>\n\n\n\n<p class=\"is-service-description\">En nuestra tienda de Noia, te ofrecemos un servicio r\u00e1pido y c\u00f3modo para encargar tus <strong>libros de texto escolares<\/strong>. Simplificamos el proceso para garantizar que tengas todo tu material escolar a tiempo, con facilidad y sin complicaciones. Adem\u00e1s, si necesitas ayuda para el <strong>encargo de libros para colegios<\/strong>, estamos aqu\u00ed para ayudarte.<\/p>\n<\/div>\n\n\n\n<div class=\"wp-block-column is-layout-flow wp-block-column-is-layout-flow\">\n<figure class=\"wp-block-image size-full\"><img loading=\"lazy\" decoding=\"async\" width=\"400\" height=\"300\" src=\"https:\/\/libreriablanconoia.com\/wp-content\/uploads\/2025\/06\/O-4-edited.png\" alt=\"\" class=\"wp-image-1106\" style=\"aspect-ratio:4\/3;object-fit:cover\" srcset=\"https:\/\/libreriablanconoia.com\/wp-content\/uploads\/2025\/06\/O-4-edited.png 400w, https:\/\/libreriablanconoia.com\/wp-content\/uploads\/2025\/06\/O-4-edited-300x225.png 300w\" sizes=\"auto, (max-width: 400px) 100vw, 400px\" \/><\/figure>\n\n\n\n<div style=\"height:4px\" aria-hidden=\"true\" class=\"wp-block-spacer\"><\/div>\n\n\n\n<div class=\"wp-block-group is-layout-flow wp-block-group-is-layout-flow\">\n<h3 class=\"wp-block-heading is-service-name has-medium-font-size\" style=\"font-style:normal;font-weight:700\"><strong>Cheque Escolar de la Xunta <\/strong><\/h3>\n<\/div>\n\n\n\n<p class=\"is-service-description\">Si cuentas con el <strong>cheque escolar de la Xunta<\/strong>, puedes utilizarlo para realizar tus compras de libros en nuestra tienda. Tambi\u00e9n te proporcionamos informaci\u00f3n sobre otras ayudas y beneficios relacionados con el <strong>material escolar en Galicia<\/strong>, para que acceder a tus libros sea sencillo y econ\u00f3mico.<\/p>\n<\/div>\n\n\n\n<div class=\"wp-block-column is-layout-flow wp-block-column-is-layout-flow\">\n<figure class=\"wp-block-image size-full\"><img loading=\"lazy\" decoding=\"async\" width=\"640\" height=\"640\" src=\"https:\/\/libreriablanconoia.com\/wp-content\/uploads\/2025\/04\/forro-ajustable-detalle-de-sello-reciclado.jpg\" alt=\"\" class=\"wp-image-670\" style=\"aspect-ratio:4\/3;object-fit:cover\" srcset=\"https:\/\/libreriablanconoia.com\/wp-content\/uploads\/2025\/04\/forro-ajustable-detalle-de-sello-reciclado.jpg 640w, https:\/\/libreriablanconoia.com\/wp-content\/uploads\/2025\/04\/forro-ajustable-detalle-de-sello-reciclado-300x300.jpg 300w, https:\/\/libreriablanconoia.com\/wp-content\/uploads\/2025\/04\/forro-ajustable-detalle-de-sello-reciclado-150x150.jpg 150w, https:\/\/libreriablanconoia.com\/wp-content\/uploads\/2025\/04\/forro-ajustable-detalle-de-sello-reciclado-600x600.jpg 600w, https:\/\/libreriablanconoia.com\/wp-content\/uploads\/2025\/04\/forro-ajustable-detalle-de-sello-reciclado-100x100.jpg 100w\" sizes=\"auto, (max-width: 640px) 100vw, 640px\" \/><\/figure>\n\n\n\n<div style=\"height:4px\" aria-hidden=\"true\" class=\"wp-block-spacer\"><\/div>\n\n\n\n<div class=\"wp-block-group is-layout-flow wp-block-group-is-layout-flow\">\n<h3 class=\"wp-block-heading is-service-name has-medium-font-size\" style=\"font-style:normal;font-weight:700\"><strong>Venta de Forros de Libros Adaptados<\/strong><\/h3>\n<\/div>\n\n\n\n<p class=\"is-service-description\">Protege tus libros con nuestros <strong>forros adaptados para libros escolares<\/strong>, dise\u00f1ados para facilitar su uso y mantenerlos en perfecto estado. En nuestra tienda, encontrar\u00e1s opciones pr\u00e1cticas y f\u00e1ciles de usar que har\u00e1n que cubrir tus libros sea m\u00e1s r\u00e1pido y efectivo, asegurando su durabilidad durante todo el curso.<\/p>\n<\/div>\n<\/div>\n\n\n\n<div style=\"height:0px\" aria-hidden=\"true\" class=\"wp-block-spacer\"><\/div>\n<\/div>\n\n\n\n<div class=\"wp-block-columns is-layout-flex wp-container-core-columns-is-layout-28f84493 wp-block-columns-is-layout-flex\">\n<div class=\"wp-block-column is-layout-flow wp-block-column-is-layout-flow\" style=\"flex-basis:33.33%\">\n<figure class=\"wp-block-image size-large\"><img loading=\"lazy\" decoding=\"async\" width=\"2268\" height=\"2268\" src=\"https:\/\/libreriablanconoia.com\/wp-content\/uploads\/2025\/06\/IMG_2318-_1_-2-edited.png\" alt=\"\" class=\"wp-image-1097\" srcset=\"https:\/\/libreriablanconoia.com\/wp-content\/uploads\/2025\/06\/IMG_2318-_1_-2-edited.png 2268w, https:\/\/libreriablanconoia.com\/wp-content\/uploads\/2025\/06\/IMG_2318-_1_-2-edited-300x300.png 300w, https:\/\/libreriablanconoia.com\/wp-content\/uploads\/2025\/06\/IMG_2318-_1_-2-edited-1024x1024.png 1024w, https:\/\/libreriablanconoia.com\/wp-content\/uploads\/2025\/06\/IMG_2318-_1_-2-edited-150x150.png 150w, https:\/\/libreriablanconoia.com\/wp-content\/uploads\/2025\/06\/IMG_2318-_1_-2-edited-768x768.png 768w, https:\/\/libreriablanconoia.com\/wp-content\/uploads\/2025\/06\/IMG_2318-_1_-2-edited-1536x1536.png 1536w, https:\/\/libreriablanconoia.com\/wp-content\/uploads\/2025\/06\/IMG_2318-_1_-2-edited-2048x2048.png 2048w, https:\/\/libreriablanconoia.com\/wp-content\/uploads\/2025\/06\/IMG_2318-_1_-2-edited-600x600.png 600w, https:\/\/libreriablanconoia.com\/wp-content\/uploads\/2025\/06\/IMG_2318-_1_-2-edited-100x100.png 100w\" sizes=\"auto, (max-width: 2268px) 100vw, 2268px\" \/><\/figure>\n<\/div>\n\n\n\n<div class=\"wp-block-column is-layout-flow wp-block-column-is-layout-flow\" style=\"flex-basis:66.66%\">\n<p>No permitas que la vuelta al cole se convierta en un estr\u00e9s. Conf\u00eda en nosotros para gestionar tus <strong>libros escolares en Noia<\/strong>, protegerlos con nuestros forros y aprovechar los beneficios del cheque de la Xunta. \u00a1Tu material escolar estar\u00e1 listo para comenzar el a\u00f1o sin preocupaciones!<\/p>\n\n\n\n<p><strong>\u00a1Contacta con nosotros! Estamos aqu\u00ed para ayudarte<\/strong> Si necesitas m\u00e1s informaci\u00f3n o quieres realizar un encargo, no dudes en visitarnos. Ve a nuestra p\u00e1gina de contacto y d\u00e9janos ayudarte a conseguir todo lo que necesitas. \u00a1Te esperamos!<\/p>\n\n\n\n<div class=\"wp-block-buttons is-content-justification-center is-layout-flex wp-container-core-buttons-is-layout-a89b3969 wp-block-buttons-is-layout-flex\">\n<div class=\"wp-block-button\"><a class=\"wp-block-button__link has-text-align-center wp-element-button\" href=\"https:\/\/libreriablanconoia.com\/?page_id=484\">CONT\u00c1CTANOS<\/a><\/div>\n<\/div>\n<\/div>\n<\/div>\n","protected":false},"excerpt":{"rendered":"<p>Todo lo que necesitas saber sobre nuestro servicio de libros de texto Servicio de Encargo de Libros de Texto En [&hellip;]<\/p>\n","protected":false},"author":1,"featured_media":0,"parent":0,"menu_order":0,"comment_status":"closed","ping_status":"closed","template":"","meta":{"site-sidebar-layout":"default","site-content-layout":"","ast-site-content-layout":"","site-content-style":"default","site-sidebar-style":"default","ast-global-header-display":"","ast-banner-title-visibility":"","ast-main-header-display":"","ast-hfb-above-header-display":"","ast-hfb-below-header-display":"","ast-hfb-mobile-header-display":"","site-post-title":"","ast-breadcrumbs-content":"","ast-featured-img":"","footer-sml-layout":"","theme-transparent-header-meta":"","adv-header-id-meta":"","stick-header-meta":"","header-above-stick-meta":"","header-main-stick-meta":"","header-below-stick-meta":"","astra-migrate-meta-layouts":"default","ast-page-background-enabled":"default","ast-page-background-meta":{"desktop":{"background-color":"var(--ast-global-color-5)","background-image":"","background-repeat":"repeat","background-position":"center center","background-size":"auto","background-attachment":"scroll","background-type":"","background-media":"","overlay-type":"","overlay-color":"","overlay-opacity":"","overlay-gradient":""},"tablet":{"background-color":"","background-image":"","background-repeat":"repeat","background-position":"center center","background-size":"auto","background-attachment":"scroll","background-type":"","background-media":"","overlay-type":"","overlay-color":"","overlay-opacity":"","overlay-gradient":""},"mobile":{"background-color":"","background-image":"","background-repeat":"repeat","background-position":"center center","background-size":"auto","background-attachment":"scroll","background-type":"","background-media":"","overlay-type":"","overlay-color":"","overlay-opacity":"","overlay-gradient":""}},"ast-content-background-meta":{"desktop":{"background-color":"var(--ast-global-color-4)","background-image":"","background-repeat":"repeat","background-position":"center center","background-size":"auto","background-attachment":"scroll","background-type":"","background-media":"","overlay-type":"","overlay-color":"","overlay-opacity":"","overlay-gradient":""},"tablet":{"background-color":"var(--ast-global-color-4)","background-image":"","background-repeat":"repeat","background-position":"center center","background-size":"auto","background-attachment":"scroll","background-type":"","background-media":"","overlay-type":"","overlay-color":"","overlay-opacity":"","overlay-gradient":""},"mobile":{"background-color":"var(--ast-global-color-4)","background-image":"","background-repeat":"repeat","background-position":"center center","background-size":"auto","background-attachment":"scroll","background-type":"","background-media":"","overlay-type":"","overlay-color":"","overlay-opacity":"","overlay-gradient":""}},"footnotes":""},"class_list":["post-480","page","type-page","status-publish","hentry"],"_links":{"self":[{"href":"https:\/\/libreriablanconoia.com\/index.php?rest_route=\/wp\/v2\/pages\/480","targetHints":{"allow":["GET"]}}],"collection":[{"href":"https:\/\/libreriablanconoia.com\/index.php?rest_route=\/wp\/v2\/pages"}],"about":[{"href":"https:\/\/libreriablanconoia.com\/index.php?rest_route=\/wp\/v2\/types\/page"}],"author":[{"embeddable":true,"href":"https:\/\/libreriablanconoia.com\/index.php?rest_route=\/wp\/v2\/users\/1"}],"replies":[{"embeddable":true,"href":"https:\/\/libreriablanconoia.com\/index.php?rest_route=%2Fwp%2Fv2%2Fcomments&post=480"}],"version-history":[{"count":11,"href":"https:\/\/libreriablanconoia.com\/index.php?rest_route=\/wp\/v2\/pages\/480\/revisions"}],"predecessor-version":[{"id":1107,"href":"https:\/\/libreriablanconoia.com\/index.php?rest_route=\/wp\/v2\/pages\/480\/revisions\/1107"}],"wp:attachment":[{"href":"https:\/\/libreriablanconoia.com\/index.php?rest_route=%2Fwp%2Fv2%2Fmedia&parent=480"}],"curies":[{"name":"wp","href":"https:\/\/api.w.org\/{rel}","templated":true}]}}