{"id":140,"date":"2025-03-21T12:19:14","date_gmt":"2025-03-21T12:19:14","guid":{"rendered":"https:\/\/libreriablanconoia.com\/?post_type=product&#038;p=140"},"modified":"2025-05-15T12:08:08","modified_gmt":"2025-05-15T12:08:08","slug":"lovey-dog-foft-rattle","status":"publish","type":"product","link":"https:\/\/libreriablanconoia.com\/?product=lovey-dog-foft-rattle","title":{"rendered":"Lovey Dog Foft Rattle"},"content":{"rendered":"<p data-pm-slice=\"1 1 []\">El juguete &#8216;Lovely Soft Dog&#8217; es un peluche dise\u00f1ado para ni\u00f1os y ni\u00f1as, caracterizado por su suavidad y capacidad de emitir sonidos, canciones, melod\u00edas y frases educativas. Es un juguete interactivo que estimula los sentidos y el desarrollo temprano a trav\u00e9s del juego.<\/p>\n","protected":false},"excerpt":{"rendered":"<p data-pm-slice=\"1 1 []\">El &#8216;Lovely Soft Dog&#8217; es un peluche interactivo dise\u00f1ado para estimular el desarrollo temprano de ni\u00f1os y ni\u00f1as a partir de los 12 meses. Fabricado con felpa hipoalerg\u00e9nica y segura, emite sonidos, canciones y melod\u00edas educativas. Es compacto, f\u00e1cil de limpiar y cumple con las normativas de seguridad infantil.<\/p>\n","protected":false},"featured_media":142,"template":"","meta":{"site-sidebar-layout":"default","site-content-layout":"","ast-site-content-layout":"default","site-content-style":"default","site-sidebar-style":"default","ast-global-header-display":"","ast-banner-title-visibility":"","ast-main-header-display":"","ast-hfb-above-header-display":"","ast-hfb-below-header-display":"","ast-hfb-mobile-header-display":"","site-post-title":"","ast-breadcrumbs-content":"","ast-featured-img":"","footer-sml-layout":"","theme-transparent-header-meta":"default","adv-header-id-meta":"","stick-header-meta":"","header-above-stick-meta":"","header-main-stick-meta":"","header-below-stick-meta":"","astra-migrate-meta-layouts":"set","ast-page-background-enabled":"default","ast-page-background-meta":{"desktop":{"background-color":"var(--ast-global-color-5)","background-image":"","background-repeat":"repeat","background-position":"center center","background-size":"auto","background-attachment":"scroll","background-type":"","background-media":"","overlay-type":"","overlay-color":"","overlay-opacity":"","overlay-gradient":""},"tablet":{"background-color":"","background-image":"","background-repeat":"repeat","background-position":"center center","background-size":"auto","background-attachment":"scroll","background-type":"","background-media":"","overlay-type":"","overlay-color":"","overlay-opacity":"","overlay-gradient":""},"mobile":{"background-color":"","background-image":"","background-repeat":"repeat","background-position":"center center","background-size":"auto","background-attachment":"scroll","background-type":"","background-media":"","overlay-type":"","overlay-color":"","overlay-opacity":"","overlay-gradient":""}},"ast-content-background-meta":{"desktop":{"background-color":"var(--ast-global-color-4)","background-image":"","background-repeat":"repeat","background-position":"center center","background-size":"auto","background-attachment":"scroll","background-type":"","background-media":"","overlay-type":"","overlay-color":"","overlay-opacity":"","overlay-gradient":""},"tablet":{"background-color":"var(--ast-global-color-4)","background-image":"","background-repeat":"repeat","background-position":"center center","background-size":"auto","background-attachment":"scroll","background-type":"","background-media":"","overlay-type":"","overlay-color":"","overlay-opacity":"","overlay-gradient":""},"mobile":{"background-color":"var(--ast-global-color-4)","background-image":"","background-repeat":"repeat","background-position":"center center","background-size":"auto","background-attachment":"scroll","background-type":"","background-media":"","overlay-type":"","overlay-color":"","overlay-opacity":"","overlay-gradient":""}}},"product_brand":[37],"product_cat":[28,77],"product_tag":[219,217,80,218,215,216],"class_list":{"0":"post-140","1":"product","2":"type-product","3":"status-publish","4":"has-post-thumbnail","6":"product_brand-clementoni","7":"product_cat-0-a-6","8":"product_cat-primera-infancia","9":"product_tag-companero-de-juego","10":"product_tag-juguete-educativo","11":"product_tag-juguete-interactivo","12":"product_tag-juguete-suave-y-seguro","13":"product_tag-perro-de-peluche","14":"product_tag-sonidos-y-melodias","15":"desktop-align-left","16":"tablet-align-left","17":"mobile-align-left","19":"first","20":"instock","21":"shipping-taxable","22":"purchasable","23":"product-type-simple"},"_links":{"self":[{"href":"https:\/\/libreriablanconoia.com\/index.php?rest_route=\/wp\/v2\/product\/140","targetHints":{"allow":["GET"]}}],"collection":[{"href":"https:\/\/libreriablanconoia.com\/index.php?rest_route=\/wp\/v2\/product"}],"about":[{"href":"https:\/\/libreriablanconoia.com\/index.php?rest_route=\/wp\/v2\/types\/product"}],"wp:featuredmedia":[{"embeddable":true,"href":"https:\/\/libreriablanconoia.com\/index.php?rest_route=\/wp\/v2\/media\/142"}],"wp:attachment":[{"href":"https:\/\/libreriablanconoia.com\/index.php?rest_route=%2Fwp%2Fv2%2Fmedia&parent=140"}],"wp:term":[{"taxonomy":"product_brand","embeddable":true,"href":"https:\/\/libreriablanconoia.com\/index.php?rest_route=%2Fwp%2Fv2%2Fproduct_brand&post=140"},{"taxonomy":"product_cat","embeddable":true,"href":"https:\/\/libreriablanconoia.com\/index.php?rest_route=%2Fwp%2Fv2%2Fproduct_cat&post=140"},{"taxonomy":"product_tag","embeddable":true,"href":"https:\/\/libreriablanconoia.com\/index.php?rest_route=%2Fwp%2Fv2%2Fproduct_tag&post=140"}],"curies":[{"name":"wp","href":"https:\/\/api.w.org\/{rel}","templated":true}]}}