{"id":303,"date":"2025-03-24T11:00:00","date_gmt":"2025-03-24T11:00:00","guid":{"rendered":"https:\/\/libreriablanconoia.com\/?post_type=product&#038;p=303"},"modified":"2025-03-24T11:14:02","modified_gmt":"2025-03-24T11:14:02","slug":"playmobil-sports-action","status":"publish","type":"product","link":"https:\/\/libreriablanconoia.com\/?product=playmobil-sports-action","title":{"rendered":"Playmobil Sports &#038; Action 71122"},"content":{"rendered":"<p>El playmobil sports &amp; actions <span style=\"font-size: 16px; -webkit-text-size-adjust: 100%;\">es una figura de alta calidad dise\u00f1ada para inspirar la creatividad y el juego din\u00e1mico. Con detalles meticulosos en su uniforme, bal\u00f3n de f\u00fatbol y equipamiento, esta figura representa a un jugador profesional listo para formar parte de cualquier equipo. Su cabeza articulada y sus extremidades m\u00f3viles permiten recrear diversas poses y situaciones en el campo de juego. Perfecto para coleccionistas y para ni\u00f1os que desean sumergirse en el mundo del f\u00fatbol, este juguete fomenta el desarrollo de la imaginaci\u00f3n y las habilidades sociales.<\/span><\/p>\n","protected":false},"excerpt":{"rendered":"<p>El playmobil sports &amp; actions es una figura de alta calidad dise\u00f1ada para inspirar la creatividad y el juego din\u00e1mico. [&hellip;]<\/p>\n","protected":false},"featured_media":322,"template":"","meta":{"site-sidebar-layout":"default","site-content-layout":"","ast-site-content-layout":"default","site-content-style":"default","site-sidebar-style":"default","ast-global-header-display":"","ast-banner-title-visibility":"","ast-main-header-display":"","ast-hfb-above-header-display":"","ast-hfb-below-header-display":"","ast-hfb-mobile-header-display":"","site-post-title":"","ast-breadcrumbs-content":"","ast-featured-img":"","footer-sml-layout":"","theme-transparent-header-meta":"default","adv-header-id-meta":"","stick-header-meta":"","header-above-stick-meta":"","header-main-stick-meta":"","header-below-stick-meta":"","astra-migrate-meta-layouts":"set","ast-page-background-enabled":"default","ast-page-background-meta":{"desktop":{"background-color":"var(--ast-global-color-5)","background-image":"","background-repeat":"repeat","background-position":"center center","background-size":"auto","background-attachment":"scroll","background-type":"","background-media":"","overlay-type":"","overlay-color":"","overlay-opacity":"","overlay-gradient":""},"tablet":{"background-color":"","background-image":"","background-repeat":"repeat","background-position":"center center","background-size":"auto","background-attachment":"scroll","background-type":"","background-media":"","overlay-type":"","overlay-color":"","overlay-opacity":"","overlay-gradient":""},"mobile":{"background-color":"","background-image":"","background-repeat":"repeat","background-position":"center center","background-size":"auto","background-attachment":"scroll","background-type":"","background-media":"","overlay-type":"","overlay-color":"","overlay-opacity":"","overlay-gradient":""}},"ast-content-background-meta":{"desktop":{"background-color":"var(--ast-global-color-4)","background-image":"","background-repeat":"repeat","background-position":"center center","background-size":"auto","background-attachment":"scroll","background-type":"","background-media":"","overlay-type":"","overlay-color":"","overlay-opacity":"","overlay-gradient":""},"tablet":{"background-color":"var(--ast-global-color-4)","background-image":"","background-repeat":"repeat","background-position":"center center","background-size":"auto","background-attachment":"scroll","background-type":"","background-media":"","overlay-type":"","overlay-color":"","overlay-opacity":"","overlay-gradient":""},"mobile":{"background-color":"var(--ast-global-color-4)","background-image":"","background-repeat":"repeat","background-position":"center center","background-size":"auto","background-attachment":"scroll","background-type":"","background-media":"","overlay-type":"","overlay-color":"","overlay-opacity":"","overlay-gradient":""}}},"product_brand":[39],"product_cat":[76],"product_tag":[424,423,416,417,415,419,426,414,422,425,420,412,411,421,410,413,418,57],"class_list":{"0":"post-303","1":"product","2":"type-product","3":"status-publish","4":"has-post-thumbnail","6":"product_brand-playmobil","7":"product_cat-figuras-de-accion","8":"product_tag-accesorios","9":"product_tag-accion","10":"product_tag-articulada","11":"product_tag-balon","12":"product_tag-coleccion","13":"product_tag-coleccionables","14":"product_tag-deportes","15":"product_tag-deportivo","16":"product_tag-desarrollo","17":"product_tag-educativo","18":"product_tag-equipo","19":"product_tag-figura","20":"product_tag-futbol","21":"product_tag-imaginacion","22":"product_tag-jugador","23":"product_tag-juguete","24":"product_tag-ninos","25":"product_tag-playmobil","26":"desktop-align-left","27":"tablet-align-left","28":"mobile-align-left","30":"first","31":"instock","32":"shipping-taxable","33":"purchasable","34":"product-type-simple"},"_links":{"self":[{"href":"https:\/\/libreriablanconoia.com\/index.php?rest_route=\/wp\/v2\/product\/303","targetHints":{"allow":["GET"]}}],"collection":[{"href":"https:\/\/libreriablanconoia.com\/index.php?rest_route=\/wp\/v2\/product"}],"about":[{"href":"https:\/\/libreriablanconoia.com\/index.php?rest_route=\/wp\/v2\/types\/product"}],"wp:featuredmedia":[{"embeddable":true,"href":"https:\/\/libreriablanconoia.com\/index.php?rest_route=\/wp\/v2\/media\/322"}],"wp:attachment":[{"href":"https:\/\/libreriablanconoia.com\/index.php?rest_route=%2Fwp%2Fv2%2Fmedia&parent=303"}],"wp:term":[{"taxonomy":"product_brand","embeddable":true,"href":"https:\/\/libreriablanconoia.com\/index.php?rest_route=%2Fwp%2Fv2%2Fproduct_brand&post=303"},{"taxonomy":"product_cat","embeddable":true,"href":"https:\/\/libreriablanconoia.com\/index.php?rest_route=%2Fwp%2Fv2%2Fproduct_cat&post=303"},{"taxonomy":"product_tag","embeddable":true,"href":"https:\/\/libreriablanconoia.com\/index.php?rest_route=%2Fwp%2Fv2%2Fproduct_tag&post=303"}],"curies":[{"name":"wp","href":"https:\/\/api.w.org\/{rel}","templated":true}]}}