{"id":362,"date":"2025-03-25T19:28:51","date_gmt":"2025-03-25T19:28:51","guid":{"rendered":"https:\/\/libreriablanconoia.com\/?post_type=product&#038;p=362"},"modified":"2025-05-19T10:30:36","modified_gmt":"2025-05-19T10:30:36","slug":"peluche-toad","status":"publish","type":"product","link":"https:\/\/libreriablanconoia.com\/?product=peluche-toad","title":{"rendered":"Peluche Toad"},"content":{"rendered":"<p class=\"\" data-start=\"51\" data-end=\"329\">Lleva a casa este adorable peluche de <strong data-start=\"89\" data-end=\"97\">Toad<\/strong>, el ic\u00f3nico personaje del universo de <strong data-start=\"136\" data-end=\"151\">Super Mario<\/strong>. Confeccionado con materiales de <strong data-start=\"185\" data-end=\"223\">alta calidad, suaves y resistentes<\/strong>, este peluche es perfecto para coleccionistas, fan\u00e1ticos de Nintendo o para regalar a los m\u00e1s peque\u00f1os.<\/p>\n<p class=\"\" data-start=\"331\" data-end=\"520\">\u2728 <strong data-start=\"333\" data-end=\"353\">Caracter\u00edsticas:<\/strong><br data-start=\"353\" data-end=\"356\" \/>\u2705 <strong data-start=\"358\" data-end=\"369\">Tama\u00f1o:<\/strong> 20 cm de altura<br data-start=\"385\" data-end=\"388\" \/>\u2705 <strong data-start=\"390\" data-end=\"403\">Material:<\/strong> Felpa ultra suave<br data-start=\"421\" data-end=\"424\" \/>\u2705 <strong data-start=\"426\" data-end=\"466\">Dise\u00f1o detallado y fiel al personaje<\/strong><br data-start=\"466\" data-end=\"469\" \/>\u2705 <strong data-start=\"471\" data-end=\"518\">Ideal para decoraci\u00f3n, colecci\u00f3n o compa\u00f1\u00eda<\/strong><\/p>\n<p class=\"\" data-start=\"522\" data-end=\"632\">\u00a1No te quedes sin el tuyo! \ud83c\udf1f Haz tu pedido ahora y a\u00f1ade un toque de nostalgia y diversi\u00f3n a tu colecci\u00f3n. \ud83d\ude80<\/p>\n","protected":false},"excerpt":{"rendered":"<p>Lleva a casa este adorable peluche de Toad, el ic\u00f3nico personaje del universo de Super Mario. Confeccionado con materiales de [&hellip;]<\/p>\n","protected":false},"featured_media":502,"template":"","meta":{"site-sidebar-layout":"default","site-content-layout":"","ast-site-content-layout":"default","site-content-style":"default","site-sidebar-style":"default","ast-global-header-display":"","ast-banner-title-visibility":"","ast-main-header-display":"","ast-hfb-above-header-display":"","ast-hfb-below-header-display":"","ast-hfb-mobile-header-display":"","site-post-title":"","ast-breadcrumbs-content":"","ast-featured-img":"","footer-sml-layout":"","theme-transparent-header-meta":"default","adv-header-id-meta":"","stick-header-meta":"","header-above-stick-meta":"","header-main-stick-meta":"","header-below-stick-meta":"","astra-migrate-meta-layouts":"set","ast-page-background-enabled":"default","ast-page-background-meta":{"desktop":{"background-color":"var(--ast-global-color-5)","background-image":"","background-repeat":"repeat","background-position":"center center","background-size":"auto","background-attachment":"scroll","background-type":"","background-media":"","overlay-type":"","overlay-color":"","overlay-opacity":"","overlay-gradient":""},"tablet":{"background-color":"","background-image":"","background-repeat":"repeat","background-position":"center center","background-size":"auto","background-attachment":"scroll","background-type":"","background-media":"","overlay-type":"","overlay-color":"","overlay-opacity":"","overlay-gradient":""},"mobile":{"background-color":"","background-image":"","background-repeat":"repeat","background-position":"center center","background-size":"auto","background-attachment":"scroll","background-type":"","background-media":"","overlay-type":"","overlay-color":"","overlay-opacity":"","overlay-gradient":""}},"ast-content-background-meta":{"desktop":{"background-color":"var(--ast-global-color-4)","background-image":"","background-repeat":"repeat","background-position":"center center","background-size":"auto","background-attachment":"scroll","background-type":"","background-media":"","overlay-type":"","overlay-color":"","overlay-opacity":"","overlay-gradient":""},"tablet":{"background-color":"var(--ast-global-color-4)","background-image":"","background-repeat":"repeat","background-position":"center center","background-size":"auto","background-attachment":"scroll","background-type":"","background-media":"","overlay-type":"","overlay-color":"","overlay-opacity":"","overlay-gradient":""},"mobile":{"background-color":"var(--ast-global-color-4)","background-image":"","background-repeat":"repeat","background-position":"center center","background-size":"auto","background-attachment":"scroll","background-type":"","background-media":"","overlay-type":"","overlay-color":"","overlay-opacity":"","overlay-gradient":""}}},"product_brand":[443],"product_cat":[28,30,34,18,31,32,33,35,98],"product_tag":[419,731,727,730,726,723,725,722,118,720,724,123,721,728,729],"class_list":{"0":"post-362","1":"product","2":"type-product","3":"status-publish","4":"has-post-thumbnail","6":"product_brand-simba","7":"product_cat-0-a-6","8":"product_cat-1-a-2-anos","9":"product_cat-mas-de-10","10":"product_cat-3-a-4-anos","11":"product_cat-5-a-6-anos","12":"product_cat-7-a-8-anos","13":"product_cat-9-a-10-anos","14":"product_cat-para-todas-las-edades","15":"product_cat-peluches","16":"product_tag-coleccionables","17":"product_tag-decoracion-gamer","18":"product_tag-fan-de-mario","19":"product_tag-geek","20":"product_tag-juguetes","21":"product_tag-mario-bros","22":"product_tag-merch-gaming","23":"product_tag-nintendo","24":"product_tag-peluche-suave","25":"product_tag-peluche-toad","26":"product_tag-regalo-gamer","27":"product_tag-regalo-perfecto","28":"product_tag-super-mario","29":"product_tag-toad-plush","30":"product_tag-videojuegos","31":"desktop-align-left","32":"tablet-align-left","33":"mobile-align-left","35":"first","36":"instock","37":"shipping-taxable","38":"purchasable","39":"product-type-simple"},"_links":{"self":[{"href":"https:\/\/libreriablanconoia.com\/index.php?rest_route=\/wp\/v2\/product\/362","targetHints":{"allow":["GET"]}}],"collection":[{"href":"https:\/\/libreriablanconoia.com\/index.php?rest_route=\/wp\/v2\/product"}],"about":[{"href":"https:\/\/libreriablanconoia.com\/index.php?rest_route=\/wp\/v2\/types\/product"}],"wp:featuredmedia":[{"embeddable":true,"href":"https:\/\/libreriablanconoia.com\/index.php?rest_route=\/wp\/v2\/media\/502"}],"wp:attachment":[{"href":"https:\/\/libreriablanconoia.com\/index.php?rest_route=%2Fwp%2Fv2%2Fmedia&parent=362"}],"wp:term":[{"taxonomy":"product_brand","embeddable":true,"href":"https:\/\/libreriablanconoia.com\/index.php?rest_route=%2Fwp%2Fv2%2Fproduct_brand&post=362"},{"taxonomy":"product_cat","embeddable":true,"href":"https:\/\/libreriablanconoia.com\/index.php?rest_route=%2Fwp%2Fv2%2Fproduct_cat&post=362"},{"taxonomy":"product_tag","embeddable":true,"href":"https:\/\/libreriablanconoia.com\/index.php?rest_route=%2Fwp%2Fv2%2Fproduct_tag&post=362"}],"curies":[{"name":"wp","href":"https:\/\/api.w.org\/{rel}","templated":true}]}}