{"id":401,"date":"2025-03-29T17:28:23","date_gmt":"2025-03-29T17:28:23","guid":{"rendered":"https:\/\/libreriablanconoia.com\/?post_type=product&#038;p=401"},"modified":"2025-05-19T10:32:37","modified_gmt":"2025-05-19T10:32:37","slug":"juguete-fashion-passion-klein","status":"publish","type":"product","link":"https:\/\/libreriablanconoia.com\/?product=juguete-fashion-passion-klein","title":{"rendered":"Juguete Fashion Passion (Klein)"},"content":{"rendered":"<p>M\u00e1quina de Coser de Juguete Klein &#8211; Fashion Passion | Para Ni\u00f1os y Ni\u00f1as | Juego Creativo y Educativo<\/p>\n<p class=\"\" data-start=\"595\" data-end=\"1325\"><strong data-start=\"598\" data-end=\"629\">Caracter\u00edsticas principales<\/strong>:<br data-start=\"630\" data-end=\"633\" \/><strong data-start=\"635\" data-end=\"664\">Dise\u00f1o moderno y realista<\/strong> \u2013 La m\u00e1quina de coser tiene un elegante dise\u00f1o en blanco con detalles en rosa, imitando las m\u00e1quinas de coser reales.<br data-start=\"782\" data-end=\"786\" \/><strong data-start=\"788\" data-end=\"814\">F\u00e1cil de usar y segura<\/strong> \u2013 Especialmente pensada para ni\u00f1os.<br data-start=\"1057\" data-end=\"1060\" \/><strong data-start=\"1062\" data-end=\"1084\">Incluye accesorios<\/strong> \u2013 Contiene hilos de colores, bobinas, una caja de costura y otros complementos para que los ni\u00f1os empiecen a coser de inmediato.<\/p>\n<p class=\"\" data-start=\"1327\" data-end=\"1607\"><strong data-start=\"1330\" data-end=\"1369\">Desarrollo de habilidades creativas<\/strong>:<br data-start=\"1370\" data-end=\"1373\" \/>La costura fomenta la concentraci\u00f3n, la paciencia y la motricidad fina. Con esta m\u00e1quina, los ni\u00f1os podr\u00e1n experimentar y crear sus propios dise\u00f1os, aprendiendo los fundamentos b\u00e1sicos de la costura de una manera segura y divertida.<\/p>\n<p class=\"\" data-start=\"1909\" data-end=\"2079\"><strong data-start=\"1912\" data-end=\"1934\">Incluye en la caja<\/strong>:<br data-start=\"1935\" data-end=\"1938\" \/>\u2714 1 m\u00e1quina de coser infantil Klein \u00abFashion Passion\u00bb<br data-start=\"1991\" data-end=\"1994\" \/>\u2714 1 pedal de control<br data-start=\"2014\" data-end=\"2017\" \/>\u2714 Hilos de diferentes colores<br data-start=\"2046\" data-end=\"2049\" \/>\u2714 Bobinas y otros accesorios<\/p>\n","protected":false},"excerpt":{"rendered":"<p>M\u00e1quina de coser para ni\u00f1os de la marca Klein. La lavadora es para edades de ni\u00f1os y ni\u00f1as de 5 a\u00f1os. Y se encuentra en nuestra categor\u00eda de juegos de imitaci\u00f3n en Noia. En nuestra Librer\u00eda Blanco. El precio esta en 12,95 euros. El producto no es adecuado para ni\u00f1os de 0-3 a\u00f1os.<\/p>\n","protected":false},"featured_media":436,"template":"","meta":{"site-sidebar-layout":"default","site-content-layout":"","ast-site-content-layout":"default","site-content-style":"default","site-sidebar-style":"default","ast-global-header-display":"","ast-banner-title-visibility":"","ast-main-header-display":"","ast-hfb-above-header-display":"","ast-hfb-below-header-display":"","ast-hfb-mobile-header-display":"","site-post-title":"","ast-breadcrumbs-content":"","ast-featured-img":"","footer-sml-layout":"","theme-transparent-header-meta":"default","adv-header-id-meta":"","stick-header-meta":"","header-above-stick-meta":"","header-main-stick-meta":"","header-below-stick-meta":"","astra-migrate-meta-layouts":"set","ast-page-background-enabled":"default","ast-page-background-meta":{"desktop":{"background-color":"var(--ast-global-color-5)","background-image":"","background-repeat":"repeat","background-position":"center center","background-size":"auto","background-attachment":"scroll","background-type":"","background-media":"","overlay-type":"","overlay-color":"","overlay-opacity":"","overlay-gradient":""},"tablet":{"background-color":"","background-image":"","background-repeat":"repeat","background-position":"center center","background-size":"auto","background-attachment":"scroll","background-type":"","background-media":"","overlay-type":"","overlay-color":"","overlay-opacity":"","overlay-gradient":""},"mobile":{"background-color":"","background-image":"","background-repeat":"repeat","background-position":"center center","background-size":"auto","background-attachment":"scroll","background-type":"","background-media":"","overlay-type":"","overlay-color":"","overlay-opacity":"","overlay-gradient":""}},"ast-content-background-meta":{"desktop":{"background-color":"var(--ast-global-color-4)","background-image":"","background-repeat":"repeat","background-position":"center center","background-size":"auto","background-attachment":"scroll","background-type":"","background-media":"","overlay-type":"","overlay-color":"","overlay-opacity":"","overlay-gradient":""},"tablet":{"background-color":"var(--ast-global-color-4)","background-image":"","background-repeat":"repeat","background-position":"center center","background-size":"auto","background-attachment":"scroll","background-type":"","background-media":"","overlay-type":"","overlay-color":"","overlay-opacity":"","overlay-gradient":""},"mobile":{"background-color":"var(--ast-global-color-4)","background-image":"","background-repeat":"repeat","background-position":"center center","background-size":"auto","background-attachment":"scroll","background-type":"","background-media":"","overlay-type":"","overlay-color":"","overlay-opacity":"","overlay-gradient":""}}},"product_brand":[615],"product_cat":[31,32,33,17],"product_tag":[715,713,712,717,718,714,418,716],"class_list":{"0":"post-401","1":"product","2":"type-product","3":"status-publish","4":"has-post-thumbnail","6":"product_brand-klein","7":"product_cat-5-a-6-anos","8":"product_cat-7-a-8-anos","9":"product_cat-9-a-10-anos","10":"product_cat-juegos-de-imitacion","11":"product_tag-5-anos","12":"product_tag-juegos","13":"product_tag-juguetes-de-imitacion","14":"product_tag-klein","15":"product_tag-maquina-para-coser","16":"product_tag-ninas","17":"product_tag-ninos","18":"product_tag-padres","19":"desktop-align-left","20":"tablet-align-left","21":"mobile-align-left","23":"first","24":"instock","25":"shipping-taxable","26":"purchasable","27":"product-type-simple"},"_links":{"self":[{"href":"https:\/\/libreriablanconoia.com\/index.php?rest_route=\/wp\/v2\/product\/401","targetHints":{"allow":["GET"]}}],"collection":[{"href":"https:\/\/libreriablanconoia.com\/index.php?rest_route=\/wp\/v2\/product"}],"about":[{"href":"https:\/\/libreriablanconoia.com\/index.php?rest_route=\/wp\/v2\/types\/product"}],"wp:featuredmedia":[{"embeddable":true,"href":"https:\/\/libreriablanconoia.com\/index.php?rest_route=\/wp\/v2\/media\/436"}],"wp:attachment":[{"href":"https:\/\/libreriablanconoia.com\/index.php?rest_route=%2Fwp%2Fv2%2Fmedia&parent=401"}],"wp:term":[{"taxonomy":"product_brand","embeddable":true,"href":"https:\/\/libreriablanconoia.com\/index.php?rest_route=%2Fwp%2Fv2%2Fproduct_brand&post=401"},{"taxonomy":"product_cat","embeddable":true,"href":"https:\/\/libreriablanconoia.com\/index.php?rest_route=%2Fwp%2Fv2%2Fproduct_cat&post=401"},{"taxonomy":"product_tag","embeddable":true,"href":"https:\/\/libreriablanconoia.com\/index.php?rest_route=%2Fwp%2Fv2%2Fproduct_tag&post=401"}],"curies":[{"name":"wp","href":"https:\/\/api.w.org\/{rel}","templated":true}]}}