{"id":78,"date":"2025-03-20T15:17:35","date_gmt":"2025-03-20T15:17:35","guid":{"rendered":"https:\/\/libreriablanconoia.com\/?post_type=product&#038;p=78"},"modified":"2025-05-15T12:02:45","modified_gmt":"2025-05-15T12:02:45","slug":"muneca-nancy-catwaii-estilo-felino-con-accesorios-personalizados","status":"publish","type":"product","link":"https:\/\/libreriablanconoia.com\/?product=muneca-nancy-catwaii-estilo-felino-con-accesorios-personalizados","title":{"rendered":"Mu\u00f1eca Nancy Catwaii-Estilo felino con accesorios personalizados"},"content":{"rendered":"<p>&nbsp;<\/p>\n<p>Presentamos la <strong data-start=\"317\" data-end=\"341\">Mu\u00f1eca Nancy Catwaii<\/strong>, dise\u00f1ada para que los ni\u00f1os exploren su creatividad y disfruten de horas de juego imaginativo. Esta mu\u00f1eca de 42 cm cuenta con un conjunto de una pieza que combina una faldita con una sudadera de gatito, ofreciendo un toque divertido y moderno. Los accesorios incluidos, como un peine en forma de gato con tizas de colores y stickers para el cabello, permiten crear peinados y maquillajes felinos, personalizando el estilo de Nancy seg\u00fan la imaginaci\u00f3n del ni\u00f1o.<\/p>\n<p>Recomendada para ni\u00f1os a partir de 3 a\u00f1os, Nancy Catwaii promueve el juego simb\u00f3lico y la creatividad, garantizando diversi\u00f3n y aprendizaje en cada momento.<\/p>\n","protected":false},"excerpt":{"rendered":"<p data-start=\"155\" data-end=\"369\"><strong data-start=\"155\" data-end=\"227\">\u00a1Despierta la creatividad de tu peque\u00f1a con la Mu\u00f1eca Nancy Catwaii!<\/strong> Esta mu\u00f1eca de 43 cm viene con accesorios inspirados en gatitos para crear peinados y maquillajes \u00fanicos. Ideal para ni\u00f1as mayores de 3 a\u00f1os.<\/p>\n","protected":false},"featured_media":149,"template":"","meta":{"site-sidebar-layout":"default","site-content-layout":"","ast-site-content-layout":"default","site-content-style":"default","site-sidebar-style":"default","ast-global-header-display":"","ast-banner-title-visibility":"","ast-main-header-display":"","ast-hfb-above-header-display":"","ast-hfb-below-header-display":"","ast-hfb-mobile-header-display":"","site-post-title":"","ast-breadcrumbs-content":"","ast-featured-img":"","footer-sml-layout":"","theme-transparent-header-meta":"default","adv-header-id-meta":"","stick-header-meta":"","header-above-stick-meta":"","header-main-stick-meta":"","header-below-stick-meta":"","astra-migrate-meta-layouts":"set","ast-page-background-enabled":"default","ast-page-background-meta":{"desktop":{"background-color":"var(--ast-global-color-5)","background-image":"","background-repeat":"repeat","background-position":"center center","background-size":"auto","background-attachment":"scroll","background-type":"","background-media":"","overlay-type":"","overlay-color":"","overlay-opacity":"","overlay-gradient":""},"tablet":{"background-color":"","background-image":"","background-repeat":"repeat","background-position":"center center","background-size":"auto","background-attachment":"scroll","background-type":"","background-media":"","overlay-type":"","overlay-color":"","overlay-opacity":"","overlay-gradient":""},"mobile":{"background-color":"","background-image":"","background-repeat":"repeat","background-position":"center center","background-size":"auto","background-attachment":"scroll","background-type":"","background-media":"","overlay-type":"","overlay-color":"","overlay-opacity":"","overlay-gradient":""}},"ast-content-background-meta":{"desktop":{"background-color":"var(--ast-global-color-4)","background-image":"","background-repeat":"repeat","background-position":"center center","background-size":"auto","background-attachment":"scroll","background-type":"","background-media":"","overlay-type":"","overlay-color":"","overlay-opacity":"","overlay-gradient":""},"tablet":{"background-color":"var(--ast-global-color-4)","background-image":"","background-repeat":"repeat","background-position":"center center","background-size":"auto","background-attachment":"scroll","background-type":"","background-media":"","overlay-type":"","overlay-color":"","overlay-opacity":"","overlay-gradient":""},"mobile":{"background-color":"var(--ast-global-color-4)","background-image":"","background-repeat":"repeat","background-position":"center center","background-size":"auto","background-attachment":"scroll","background-type":"","background-media":"","overlay-type":"","overlay-color":"","overlay-opacity":"","overlay-gradient":""}}},"product_brand":[134],"product_cat":[18,133],"product_tag":[135,142,147,149,139,148,138,143],"class_list":{"0":"post-78","1":"product","2":"type-product","3":"status-publish","4":"has-post-thumbnail","6":"product_brand-nancy","7":"product_cat-3-a-4-anos","8":"product_cat-munecas","9":"product_tag-muneca-nancy-catwaii","10":"product_tag-muneca-nancy-con-accesorios-de-gatitos","11":"product_tag-muneca-nancy-con-mechas-de-colores-y-tatuajes","12":"product_tag-muneca-nancy-con-ropa-inspirada-en-gatos-y-accesorios-creativos","13":"product_tag-muneca-nancy-edicion-especial","14":"product_tag-muneca-nancy-edicion-especial-catwaii-con-stickers-y-peine","15":"product_tag-muneca-nancy-maquillaje-felino","16":"product_tag-muneca-nancy-para-peinar-y-maquillar","17":"desktop-align-left","18":"tablet-align-left","19":"mobile-align-left","21":"first","22":"instock","23":"shipping-taxable","24":"purchasable","25":"product-type-simple"},"_links":{"self":[{"href":"https:\/\/libreriablanconoia.com\/index.php?rest_route=\/wp\/v2\/product\/78","targetHints":{"allow":["GET"]}}],"collection":[{"href":"https:\/\/libreriablanconoia.com\/index.php?rest_route=\/wp\/v2\/product"}],"about":[{"href":"https:\/\/libreriablanconoia.com\/index.php?rest_route=\/wp\/v2\/types\/product"}],"wp:featuredmedia":[{"embeddable":true,"href":"https:\/\/libreriablanconoia.com\/index.php?rest_route=\/wp\/v2\/media\/149"}],"wp:attachment":[{"href":"https:\/\/libreriablanconoia.com\/index.php?rest_route=%2Fwp%2Fv2%2Fmedia&parent=78"}],"wp:term":[{"taxonomy":"product_brand","embeddable":true,"href":"https:\/\/libreriablanconoia.com\/index.php?rest_route=%2Fwp%2Fv2%2Fproduct_brand&post=78"},{"taxonomy":"product_cat","embeddable":true,"href":"https:\/\/libreriablanconoia.com\/index.php?rest_route=%2Fwp%2Fv2%2Fproduct_cat&post=78"},{"taxonomy":"product_tag","embeddable":true,"href":"https:\/\/libreriablanconoia.com\/index.php?rest_route=%2Fwp%2Fv2%2Fproduct_tag&post=78"}],"curies":[{"name":"wp","href":"https:\/\/api.w.org\/{rel}","templated":true}]}}