{"id":86,"date":"2025-03-20T13:08:56","date_gmt":"2025-03-20T13:08:56","guid":{"rendered":"https:\/\/libreriablanconoia.com\/?post_type=product&#038;p=86"},"modified":"2025-05-19T10:33:04","modified_gmt":"2025-05-19T10:33:04","slug":"squishmallows-delfin","status":"publish","type":"product","link":"https:\/\/libreriablanconoia.com\/?product=squishmallows-delfin","title":{"rendered":"Delf\u00edn peluche azul"},"content":{"rendered":"<p data-start=\"92\" data-end=\"181\">\ud83c\udf0a\ud83d\udc22 <strong data-start=\"97\" data-end=\"174\">Squishmallows Rey, la Tortuga Surfista \u2013 Peluche Suave y Esponjoso de 12\u201d<\/strong> \ud83d\udc22\ud83c\udf0a<\/p>\n<p data-start=\"183\" data-end=\"486\">\u00a1Hazte con el compa\u00f1ero m\u00e1s cool del oc\u00e9ano! \ud83c\udfc4\u200d\u2642\ufe0f Rey, la tortuga surfista, es un <strong data-start=\"266\" data-end=\"315\">adorable peluche Squishmallows de 12 pulgadas<\/strong>, fabricado por <strong data-start=\"331\" data-end=\"343\">Jazwares<\/strong>. Su dise\u00f1o ultra suave y abrazable lo convierte en el amigo perfecto para relajarte, decorar tu espacio o acompa\u00f1arte en cualquier aventura.<\/p>\n<p data-start=\"488\" data-end=\"847\">\u2728 <strong data-start=\"490\" data-end=\"510\">Caracter\u00edsticas:<\/strong><br data-start=\"510\" data-end=\"513\" \/>\u2714\ufe0f <strong data-start=\"516\" data-end=\"527\">Tama\u00f1o:<\/strong> 12\u201d (aprox. 30 cm)<br data-start=\"546\" data-end=\"549\" \/>\u2714\ufe0f <strong data-start=\"552\" data-end=\"565\">Material:<\/strong> Suave y esponjoso, con relleno de alta calidad<br data-start=\"612\" data-end=\"615\" data-is-only-node=\"\" \/>\u2714\ufe0f <strong data-start=\"618\" data-end=\"639\">Dise\u00f1o exclusivo:<\/strong> Lleva unas gafas de sol y una tabla de surf con estampado hawaiano \ud83c\udf3a<br data-start=\"709\" data-end=\"712\" \/>\u2714\ufe0f <strong data-start=\"715\" data-end=\"747\">Ideal para todas las edades:<\/strong> Perfecto para ni\u00f1os, adolescentes y adultos<br data-start=\"791\" data-end=\"794\" \/>\u2714\ufe0f <strong data-start=\"797\" data-end=\"815\">Marca oficial:<\/strong> Producto original de Jazwares<\/p>\n<p data-start=\"849\" data-end=\"1053\">Ya sea para ampliar tu colecci\u00f3n de <strong data-start=\"885\" data-end=\"902\">Squishmallows<\/strong>, regalar a un ser querido o simplemente disfrutar de su ternura, <strong data-start=\"968\" data-end=\"1018\">Rey, la tortuga surfista, es la elecci\u00f3n ideal<\/strong>. \u00a1No te quedes sin el tuyo! \ud83c\udf0a\ud83d\udc22<\/p>\n<p data-start=\"1055\" data-end=\"1099\" data-is-last-node=\"\" data-is-only-node=\"\">\ud83d\udce6 <strong data-start=\"1058\" data-end=\"1099\" data-is-last-node=\"\">Env\u00edo r\u00e1pido y seguro. \u00a1Compra ahora!<\/strong><\/p>\n","protected":false},"excerpt":{"rendered":"<p>\ud83c\udf0a\ud83d\udc22 Squishmallows Rey, la Tortuga Surfista \u2013 Peluche Suave y Esponjoso de 12\u201d \ud83d\udc22\ud83c\udf0a \u00a1Hazte con el compa\u00f1ero m\u00e1s cool [&hellip;]<\/p>\n","protected":false},"featured_media":100,"template":"","meta":{"site-sidebar-layout":"default","site-content-layout":"","ast-site-content-layout":"default","site-content-style":"default","site-sidebar-style":"default","ast-global-header-display":"","ast-banner-title-visibility":"","ast-main-header-display":"","ast-hfb-above-header-display":"","ast-hfb-below-header-display":"","ast-hfb-mobile-header-display":"","site-post-title":"","ast-breadcrumbs-content":"","ast-featured-img":"","footer-sml-layout":"","theme-transparent-header-meta":"default","adv-header-id-meta":"","stick-header-meta":"","header-above-stick-meta":"","header-main-stick-meta":"","header-below-stick-meta":"","astra-migrate-meta-layouts":"set","ast-page-background-enabled":"default","ast-page-background-meta":{"desktop":{"background-color":"var(--ast-global-color-5)","background-image":"","background-repeat":"repeat","background-position":"center center","background-size":"auto","background-attachment":"scroll","background-type":"","background-media":"","overlay-type":"","overlay-color":"","overlay-opacity":"","overlay-gradient":""},"tablet":{"background-color":"","background-image":"","background-repeat":"repeat","background-position":"center center","background-size":"auto","background-attachment":"scroll","background-type":"","background-media":"","overlay-type":"","overlay-color":"","overlay-opacity":"","overlay-gradient":""},"mobile":{"background-color":"","background-image":"","background-repeat":"repeat","background-position":"center center","background-size":"auto","background-attachment":"scroll","background-type":"","background-media":"","overlay-type":"","overlay-color":"","overlay-opacity":"","overlay-gradient":""}},"ast-content-background-meta":{"desktop":{"background-color":"var(--ast-global-color-4)","background-image":"","background-repeat":"repeat","background-position":"center center","background-size":"auto","background-attachment":"scroll","background-type":"","background-media":"","overlay-type":"","overlay-color":"","overlay-opacity":"","overlay-gradient":""},"tablet":{"background-color":"var(--ast-global-color-4)","background-image":"","background-repeat":"repeat","background-position":"center center","background-size":"auto","background-attachment":"scroll","background-type":"","background-media":"","overlay-type":"","overlay-color":"","overlay-opacity":"","overlay-gradient":""},"mobile":{"background-color":"var(--ast-global-color-4)","background-image":"","background-repeat":"repeat","background-position":"center center","background-size":"auto","background-attachment":"scroll","background-type":"","background-media":"","overlay-type":"","overlay-color":"","overlay-opacity":"","overlay-gradient":""}}},"product_brand":[99],"product_cat":[30,34,18,31,32,33,35,98],"product_tag":[126,122,125,132,119,130,124,127,118,123,117,129,121,128,120,131],"class_list":{"0":"post-86","1":"product","2":"type-product","3":"status-publish","4":"has-post-thumbnail","6":"product_brand-jazwares","7":"product_cat-1-a-2-anos","8":"product_cat-mas-de-10","9":"product_cat-3-a-4-anos","10":"product_cat-5-a-6-anos","11":"product_cat-7-a-8-anos","12":"product_cat-9-a-10-anos","13":"product_cat-para-todas-las-edades","14":"product_cat-peluches","15":"product_tag-amigo-abrazable","16":"product_tag-coleccionable","17":"product_tag-decoracion-tierna","18":"product_tag-edicion-especial","19":"product_tag-jazwares","20":"product_tag-juguete-suave","21":"product_tag-peluche-gigante","22":"product_tag-peluche-original","23":"product_tag-peluche-suave","24":"product_tag-regalo-perfecto","25":"product_tag-squishmallows","26":"product_tag-squishmallows-12","27":"product_tag-squishmallows-rey","28":"product_tag-tierno-y-esponjoso","29":"product_tag-tortuga-peluche","30":"product_tag-tortuga-surfista","31":"desktop-align-left","32":"tablet-align-left","33":"mobile-align-left","35":"first","36":"instock","37":"shipping-taxable","38":"purchasable","39":"product-type-simple"},"_links":{"self":[{"href":"https:\/\/libreriablanconoia.com\/index.php?rest_route=\/wp\/v2\/product\/86","targetHints":{"allow":["GET"]}}],"collection":[{"href":"https:\/\/libreriablanconoia.com\/index.php?rest_route=\/wp\/v2\/product"}],"about":[{"href":"https:\/\/libreriablanconoia.com\/index.php?rest_route=\/wp\/v2\/types\/product"}],"wp:featuredmedia":[{"embeddable":true,"href":"https:\/\/libreriablanconoia.com\/index.php?rest_route=\/wp\/v2\/media\/100"}],"wp:attachment":[{"href":"https:\/\/libreriablanconoia.com\/index.php?rest_route=%2Fwp%2Fv2%2Fmedia&parent=86"}],"wp:term":[{"taxonomy":"product_brand","embeddable":true,"href":"https:\/\/libreriablanconoia.com\/index.php?rest_route=%2Fwp%2Fv2%2Fproduct_brand&post=86"},{"taxonomy":"product_cat","embeddable":true,"href":"https:\/\/libreriablanconoia.com\/index.php?rest_route=%2Fwp%2Fv2%2Fproduct_cat&post=86"},{"taxonomy":"product_tag","embeddable":true,"href":"https:\/\/libreriablanconoia.com\/index.php?rest_route=%2Fwp%2Fv2%2Fproduct_tag&post=86"}],"curies":[{"name":"wp","href":"https:\/\/api.w.org\/{rel}","templated":true}]}}