{"id":994,"date":"2025-06-01T10:32:06","date_gmt":"2025-06-01T10:32:06","guid":{"rendered":"https:\/\/libreriablanconoia.com\/?post_type=product&#038;p=994"},"modified":"2025-06-01T10:32:06","modified_gmt":"2025-06-01T10:32:06","slug":"figura-de-accion-gormiti-orion-tribu-del-cosmo-con-accesorios","status":"publish","type":"product","link":"https:\/\/libreriablanconoia.com\/?product=figura-de-accion-gormiti-orion-tribu-del-cosmo-con-accesorios","title":{"rendered":"Figura de acci\u00f3n Gormiti Orion \u2013 Tribu del Cosmo, con accesorios"},"content":{"rendered":"<p data-start=\"433\" data-end=\"710\">Ad\u00e9ntrate en el universo de <strong data-start=\"461\" data-end=\"472\">Gormiti<\/strong> con esta impresionante figura de acci\u00f3n de <strong data-start=\"516\" data-end=\"525\">Orion<\/strong>, el valiente guerrero de la <strong data-start=\"554\" data-end=\"573\">Tribu del Cosmo<\/strong>. Con detalles aut\u00e9nticos y un dise\u00f1o robusto, esta figura de 10 cm aproximadamente est\u00e1 lista para sumergirse en emocionantes aventuras.<\/p>\n<p data-start=\"712\" data-end=\"953\">Incluye un <strong data-start=\"723\" data-end=\"752\">arma especial y un escudo<\/strong> que se adaptan a su estilo de combate, adem\u00e1s de un dise\u00f1o inspirado en su apariencia en la serie animada. Hecha de pl\u00e1stico resistente, esta figura es perfecta tanto para jugar como para coleccionar.<\/p>\n<p data-start=\"955\" data-end=\"1004\">\u00a1Revive las batallas \u00e9picas de Gormiti con Orion!<\/p>\n","protected":false},"excerpt":{"rendered":"<p data-start=\"254\" data-end=\"394\">\u00a1Invoca la fuerza c\u00f3smica con <strong data-start=\"284\" data-end=\"293\">Orion<\/strong>, el guerrero de la Tribu del Cosmo! Esta figura incluye accesorios para recrear sus \u00e9picas batallas.<\/p>\n","protected":false},"featured_media":998,"template":"","meta":{"site-sidebar-layout":"default","site-content-layout":"","ast-site-content-layout":"default","site-content-style":"default","site-sidebar-style":"default","ast-global-header-display":"","ast-banner-title-visibility":"","ast-main-header-display":"","ast-hfb-above-header-display":"","ast-hfb-below-header-display":"","ast-hfb-mobile-header-display":"","site-post-title":"","ast-breadcrumbs-content":"","ast-featured-img":"","footer-sml-layout":"","theme-transparent-header-meta":"default","adv-header-id-meta":"","stick-header-meta":"","header-above-stick-meta":"","header-main-stick-meta":"","header-below-stick-meta":"","astra-migrate-meta-layouts":"set","ast-page-background-enabled":"default","ast-page-background-meta":{"desktop":{"background-color":"var(--ast-global-color-5)","background-image":"","background-repeat":"repeat","background-position":"center center","background-size":"auto","background-attachment":"scroll","background-type":"","background-media":"","overlay-type":"","overlay-color":"","overlay-opacity":"","overlay-gradient":""},"tablet":{"background-color":"","background-image":"","background-repeat":"repeat","background-position":"center center","background-size":"auto","background-attachment":"scroll","background-type":"","background-media":"","overlay-type":"","overlay-color":"","overlay-opacity":"","overlay-gradient":""},"mobile":{"background-color":"","background-image":"","background-repeat":"repeat","background-position":"center center","background-size":"auto","background-attachment":"scroll","background-type":"","background-media":"","overlay-type":"","overlay-color":"","overlay-opacity":"","overlay-gradient":""}},"ast-content-background-meta":{"desktop":{"background-color":"var(--ast-global-color-4)","background-image":"","background-repeat":"repeat","background-position":"center center","background-size":"auto","background-attachment":"scroll","background-type":"","background-media":"","overlay-type":"","overlay-color":"","overlay-opacity":"","overlay-gradient":""},"tablet":{"background-color":"var(--ast-global-color-4)","background-image":"","background-repeat":"repeat","background-position":"center center","background-size":"auto","background-attachment":"scroll","background-type":"","background-media":"","overlay-type":"","overlay-color":"","overlay-opacity":"","overlay-gradient":""},"mobile":{"background-color":"var(--ast-global-color-4)","background-image":"","background-repeat":"repeat","background-position":"center center","background-size":"auto","background-attachment":"scroll","background-type":"","background-media":"","overlay-type":"","overlay-color":"","overlay-opacity":"","overlay-gradient":""}}},"product_brand":[1088],"product_cat":[34,1004,1024,1014,32,33,76],"product_tag":[1089,1095,1093,1096,1091,1090,1092,1094],"class_list":{"0":"post-994","1":"product","2":"type-product","3":"status-publish","4":"has-post-thumbnail","6":"product_brand-gormiti","7":"product_cat-mas-de-10","8":"product_cat-1004","9":"product_cat-1024","10":"product_cat-1014","11":"product_cat-7-a-8-anos","12":"product_cat-9-a-10-anos","13":"product_cat-figuras-de-accion","14":"product_tag-figura-de-accion-gormiti-orion-tribu-del-cosmo","15":"product_tag-figura-de-accion-orion-gormiti","16":"product_tag-figura-gormiti-orion","17":"product_tag-gormiti-cosmo-tribe","18":"product_tag-guerrero-gormiti-orion-coleccion","19":"product_tag-juguete-oficial-gormiti-orion-con-accesorios","20":"product_tag-orion-de-gormiti-serie-animada","21":"product_tag-orion-gormiti-juguete","22":"desktop-align-left","23":"tablet-align-left","24":"mobile-align-left","26":"first","27":"instock","28":"shipping-taxable","29":"purchasable","30":"product-type-simple"},"_links":{"self":[{"href":"https:\/\/libreriablanconoia.com\/index.php?rest_route=\/wp\/v2\/product\/994","targetHints":{"allow":["GET"]}}],"collection":[{"href":"https:\/\/libreriablanconoia.com\/index.php?rest_route=\/wp\/v2\/product"}],"about":[{"href":"https:\/\/libreriablanconoia.com\/index.php?rest_route=\/wp\/v2\/types\/product"}],"wp:featuredmedia":[{"embeddable":true,"href":"https:\/\/libreriablanconoia.com\/index.php?rest_route=\/wp\/v2\/media\/998"}],"wp:attachment":[{"href":"https:\/\/libreriablanconoia.com\/index.php?rest_route=%2Fwp%2Fv2%2Fmedia&parent=994"}],"wp:term":[{"taxonomy":"product_brand","embeddable":true,"href":"https:\/\/libreriablanconoia.com\/index.php?rest_route=%2Fwp%2Fv2%2Fproduct_brand&post=994"},{"taxonomy":"product_cat","embeddable":true,"href":"https:\/\/libreriablanconoia.com\/index.php?rest_route=%2Fwp%2Fv2%2Fproduct_cat&post=994"},{"taxonomy":"product_tag","embeddable":true,"href":"https:\/\/libreriablanconoia.com\/index.php?rest_route=%2Fwp%2Fv2%2Fproduct_tag&post=994"}],"curies":[{"name":"wp","href":"https:\/\/api.w.org\/{rel}","templated":true}]}}